{"id":1765,"date":"2018-08-07T12:27:37","date_gmt":"2018-08-07T12:27:37","guid":{"rendered":"https:\/\/www.mariebel.com\/produits\/mini-vol-au-vents\/"},"modified":"2023-12-11T17:53:48","modified_gmt":"2023-12-11T17:53:48","slug":"mini-volovanes","status":"publish","type":"product","link":"https:\/\/www.mariebel.com\/es\/produits\/mini-volovanes\/","title":{"rendered":"MINI VOLOVANES"},"content":{"rendered":"<div class=\"wpb-content-wrapper\"><p>[vc_row css=\u00bb.vc_custom_1533819217450{background-color: #f7f7f6 !important;}\u00bb][vc_column][vc_empty_space][vc_row_inner][vc_column_inner width=\u00bb1\/6&#8243;][\/vc_column_inner][vc_column_inner width=\u00bb1\/6&#8243;][vc_single_image image=\u00bb1037&#8243; img_size=\u00bbfull\u00bb alignment=\u00bbcenter\u00bb][\/vc_column_inner][vc_column_inner width=\u00bb1\/2&#8243;][vc_empty_space height=\u00bb60px\u00bb][vc_column_text]<\/p>\n<div style=\"text-align: center;\">\n<p style=\"text-align: left;\"><em><span style=\"color: #756b65; font-family: Roboto; font-size: 25px; line-height: 27px; font-weight: 300;\">Nuestra pasta de hojaldre solo se elabora mediante el m\u00e9todo franc\u00e9s, que establece c\u00f3mo se amasa y la alternancia de periodos de reposo y de plegado de la masa.<\/span><\/em><\/p>\n<\/div>\n<p>[\/vc_column_text][\/vc_column_inner][vc_column_inner width=\u00bb1\/6&#8243;][\/vc_column_inner][\/vc_row_inner][vc_empty_space][\/vc_column][\/vc_row][vc_row][vc_column][vc_empty_space height=\u00bb60px\u00bb][\/vc_column][\/vc_row][vc_row type=\u00bbboxed\u00bb][vc_column width=\u00bb1\/2&#8243;][vc_single_image image=\u00bb2459&#8243; img_size=\u00bbfull\u00bb][\/vc_column][vc_column width=\u00bb1\/2&#8243;][vc_column_text el_class=\u00bbgradient-text\u00bb]<\/p>\n<h2 style=\"text-align: left;\">PRESENTACI\u00d3N EN ESTUCHE<\/h2>\n<p>[\/vc_column_text][vc_empty_space height=\u00bb10px\u00bb][vc_column_text]Nuestro producto es muy fr\u00e1gil: el estuche protege mejor la bandeja con las piezas alojada en su interior.[\/vc_column_text][vc_empty_space height=\u00bb40px\u00bb][\/vc_column][\/vc_row][vc_row][vc_column][vc_empty_space height=\u00bb60px\u00bb][\/vc_column][\/vc_row][vc_row type=\u00bbboxed\u00bb][vc_column width=\u00bb1\/2&#8243; offset=\u00bbvc_hidden-xs\u00bb][vc_column_text el_class=\u00bbgradient-text\u00bb]<\/p>\n<h2 style=\"text-align: right;\">PRESENTACI\u00d3N EN FLOW-PACK<\/h2>\n<p>[\/vc_column_text][vc_empty_space height=\u00bb10px\u00bb][vc_column_text]<\/p>\n<p style=\"text-align: right;\">Permite la visi\u00f3n de las piezas en una bandeja que, en la mayor\u00eda de los casos, ha sido conformada para protegerlas.<\/p>\n<p>[\/vc_column_text][vc_empty_space height=\u00bb40px\u00bb][\/vc_column][vc_column width=\u00bb1\/2&#8243; offset=\u00bbvc_hidden-xs\u00bb][vc_single_image image=\u00bb2462&#8243; img_size=\u00bbfull\u00bb][\/vc_column][\/vc_row][vc_row type=\u00bbboxed\u00bb][vc_column width=\u00bb1\/2&#8243; offset=\u00bbvc_hidden-lg vc_hidden-md vc_hidden-sm\u00bb][vc_single_image image=\u00bb2216&#8243; img_size=\u00bbfull\u00bb][\/vc_column][vc_column width=\u00bb1\/2&#8243; offset=\u00bbvc_hidden-lg vc_hidden-md vc_hidden-sm\u00bb][vc_column_text el_class=\u00bbgradient-text\u00bb]<\/p>\n<h2 style=\"text-align: right;\">PRESENTACI\u00d3N EN BLISTER<\/h2>\n<p>[\/vc_column_text][vc_empty_space height=\u00bb10px\u00bb][vc_column_text]<\/p>\n<p style=\"text-align: right;\">Permite la visi\u00f3n de las piezas en una bandeja que, en la mayor\u00eda de los casos, ha sido conformada para protegerlas.<\/p>\n<p>[\/vc_column_text][vc_empty_space height=\u00bb40px\u00bb][\/vc_column][\/vc_row][vc_row][vc_column][vc_empty_space height=\u00bb60px\u00bb][\/vc_column][\/vc_row][vc_row][vc_column][vc_column_text el_class=\u00bbgradient-text\u00bb]<\/p>\n<h2 style=\"text-align: center;\"><span style=\"color: #000000;\">RECETAS RELACIONADAS<\/span><\/h2>\n<p>[\/vc_column_text][vc_empty_space height=\u00bb40px\u00bb][\/vc_column][\/vc_row][vc_row][vc_column][vc_row_inner type=\u00bbboxed\u00bb][vc_column_inner][vc_images_carousel images=\u00bb1414,1411&#8243; img_size=\u00bbfull\u00bb onclick=\u00bbcustom_link\u00bb slides_per_view=\u00bb2&#8243; hide_pagination_control=\u00bbyes\u00bb custom_links=\u00bb#E-8_aHR0cHMlM0ElMkYlMkZ3d3cubWFyaWViZWwuY29tJTJGcmVjZXR0ZXMlMkZlcyUyRnByb2R1Y3RvJTJGbWluaS12b2xvdmFuZXMtcmVsbGVub3MtZGUtbWFzY2FycG9uZS15LW1lcm1lbGFkYS1kZS1oaWdvcyUyRiUyQ2h0dHBzJTNBJTJGJTJGd3d3Lm1hcmllYmVsLmNvbSUyRnJlY2V0dGVzJTJGZXMlMkZwcm9kdWN0byUyRm1pbmktdm9sb3ZhbmVzLXJlbGxlbm9zLWRlLWNyZW1hLWRlLWNob2NvbGF0ZS1jb24tbGVjaGUteS1udWJlcyUyRg==\u00bb el_class=\u00bbrecetas\u00bb][\/vc_column_inner][\/vc_row_inner][\/vc_column][\/vc_row][vc_row][vc_column][vc_empty_space height=\u00bb40px\u00bb][\/vc_column][\/vc_row][vc_row css=\u00bb.vc_custom_1539851532695{background-color: #f6f2ec !important;}\u00bb][vc_column][vc_empty_space height=\u00bb40px\u00bb][vc_column_text el_class=\u00bbgradient-text\u00bb]<\/p>\n<h2 style=\"text-align: center;\"><span style=\"color: #000000;\">PRODUCTOS RELACIONADOS <\/span><\/h2>\n<p>[\/vc_column_text][vc_empty_space height=\u00bb40px\u00bb][vc_row_inner type=\u00bbboxed\u00bb][vc_column_inner][vc_images_carousel images=\u00bb1532,2272,2266&#8243; img_size=\u00bbfull\u00bb onclick=\u00bbcustom_link\u00bb slides_per_view=\u00bb3&#8243; hide_pagination_control=\u00bbyes\u00bb custom_links=\u00bb#E-8_aHR0cHMlM0ElMkYlMkZ3d3cubWFyaWViZWwuY29tJTJGZXMlMkZwcm9kdWl0cyUyRmZsZXVyb25zJTJGJTJDaHR0cHMlM0ElMkYlMkZ3d3cubWFyaWViZWwuY29tJTJGZXMlMkZwcm9kdWl0cyUyRnZvbG92YW5lcy03MC03NC1tbSUyRiUyQ2h0dHBzJTNBJTJGJTJGd3d3Lm1hcmllYmVsLmNvbSUyRmVzJTJGcHJvZHVpdHMlMkZ2b2xvdmFuZXMtODMtbW0lMkY=\u00bb el_class=\u00bbrelacionados\u00bb][\/vc_column_inner][\/vc_row_inner][vc_empty_space height=\u00bb40px\u00bb][\/vc_column][\/vc_row]<\/p>\n<\/div>","protected":false},"excerpt":{"rendered":"<p style=\"font-size: 20px;\">El \u00e9xito de un aperitivo o un cocktail estar\u00e1 garantizado si ofrece un buen surtido de mini volovanes rellenos de exquisiteces variadas. P\u00f3ngale imaginaci\u00f3n y no dude en consultar algunas ideas en nuestro recetario. Un secreto: para hacerlos m\u00e1s crujientes, caliente los volovanes 5 minutos al horno.<\/p>\n<p>&nbsp;<\/p>\n<p>&nbsp;<\/p>\n","protected":false},"featured_media":1034,"template":"","meta":{"om_disable_all_campaigns":false,"_exactmetrics_skip_tracking":false,"_exactmetrics_sitenote_active":false,"_exactmetrics_sitenote_note":"","_exactmetrics_sitenote_category":0,"_monsterinsights_skip_tracking":false,"_monsterinsights_sitenote_active":false,"_monsterinsights_sitenote_note":"","_monsterinsights_sitenote_category":0,"_uf_show_specific_survey":0,"_uf_disable_surveys":false},"product_brand":[],"product_cat":[60],"product_tag":[],"class_list":{"0":"post-1765","1":"product","2":"type-product","3":"status-publish","4":"has-post-thumbnail","6":"product_cat-hojaldre","8":"first","9":"instock","10":"shipping-taxable","11":"product-type-simple"},"aioseo_notices":[],"_links":{"self":[{"href":"https:\/\/www.mariebel.com\/es\/wp-json\/wp\/v2\/product\/1765","targetHints":{"allow":["GET"]}}],"collection":[{"href":"https:\/\/www.mariebel.com\/es\/wp-json\/wp\/v2\/product"}],"about":[{"href":"https:\/\/www.mariebel.com\/es\/wp-json\/wp\/v2\/types\/product"}],"wp:featuredmedia":[{"embeddable":true,"href":"https:\/\/www.mariebel.com\/es\/wp-json\/wp\/v2\/media\/1034"}],"wp:attachment":[{"href":"https:\/\/www.mariebel.com\/es\/wp-json\/wp\/v2\/media?parent=1765"}],"wp:term":[{"taxonomy":"product_brand","embeddable":true,"href":"https:\/\/www.mariebel.com\/es\/wp-json\/wp\/v2\/product_brand?post=1765"},{"taxonomy":"product_cat","embeddable":true,"href":"https:\/\/www.mariebel.com\/es\/wp-json\/wp\/v2\/product_cat?post=1765"},{"taxonomy":"product_tag","embeddable":true,"href":"https:\/\/www.mariebel.com\/es\/wp-json\/wp\/v2\/product_tag?post=1765"}],"curies":[{"name":"wp","href":"https:\/\/api.w.org\/{rel}","templated":true}]}}