{"id":1774,"date":"2018-08-10T12:04:57","date_gmt":"2018-08-10T12:04:57","guid":{"rendered":"https:\/\/www.mariebel.com\/catalogue\/"},"modified":"2023-12-11T16:27:02","modified_gmt":"2023-12-11T16:27:02","slug":"catalogo","status":"publish","type":"page","link":"https:\/\/www.mariebel.com\/es\/catalogo\/","title":{"rendered":"CAT\u00c1LOGO"},"content":{"rendered":"<div class=\"wpb-content-wrapper\"><p>[vc_row css=\u00bb.vc_custom_1533639329884{background-color: #faf6f4 !important;}\u00bb][vc_column][vc_empty_space height=\u00bb80px\u00bb][vc_row_inner type=\u00bbboxed\u00bb][vc_column_inner width=\u00bb1\/6&#8243;][\/vc_column_inner][vc_column_inner width=\u00bb2\/3&#8243;][vc_column_text]<\/p>\n<h2 style=\"text-align: center;\">\u00bfDesea conocer todos nuestros productos y sus detalles?<br \/>\n\u00a1Descargue nuestro cat\u00e1logo!<\/h2>\n<p>[\/vc_column_text][vc_empty_space height=\u00bb20px\u00bb][vc_column_text]<\/p>\n<p style=\"text-align: center;\"><span style=\"color: #756b65; font-size: 20px; font-weight: 300; line-height: 27px;\">En nuestro cat\u00e1logo encontrar\u00e1 nuestra gama de productos originales as\u00ed como los de la l\u00ednea ecol\u00f3gica, ordenadas seg\u00fan el tipo de pasta empleada junto con la relaci\u00f3n de referencias con sus caracter\u00edsticas de envasado.<\/span><\/p>\n<p>[\/vc_column_text][\/vc_column_inner][vc_column_inner width=\u00bb1\/6&#8243;][\/vc_column_inner][\/vc_row_inner][vc_row_inner][vc_column_inner width=\u00bb1\/6&#8243;][\/vc_column_inner][vc_column_inner width=\u00bb2\/3&#8243;][vc_single_image image=\u00bb1056&#8243; img_size=\u00bbfull\u00bb onclick=\u00bbcustom_link\u00bb img_link_target=\u00bb_blank\u00bb link=\u00bbhttps:\/\/www.mariebel.com\/wp-content\/uploads\/2023\/12\/Mariebel_cataleg_ESP_Pagina-2023.pdf\u00bb][vc_single_image image=\u00bb1895&#8243; img_size=\u00bbfull\u00bb alignment=\u00bbcenter\u00bb onclick=\u00bbcustom_link\u00bb img_link_target=\u00bb_blank\u00bb link=\u00bbhttps:\/\/www.mariebel.com\/wp-content\/uploads\/2023\/12\/Mariebel_cataleg_ESP_Pagina-2023.pdf\u00bb][vc_single_image image=\u00bb1067&#8243; img_size=\u00bbfull\u00bb onclick=\u00bbcustom_link\u00bb img_link_target=\u00bb_blank\u00bb link=\u00bbhttps:\/\/www.mariebel.com\/wp-content\/uploads\/2023\/12\/Mariebel_cataleg_ESP_Pagina-2023.pdf\u00bb][vc_single_image image=\u00bb1855&#8243; img_size=\u00bbfull\u00bb alignment=\u00bbcenter\u00bb onclick=\u00bbcustom_link\u00bb img_link_target=\u00bb_blank\u00bb link=\u00bbhttps:\/\/www.mariebel.com\/wp-content\/uploads\/2023\/12\/Mariebel_cataleg_ESP_Pagina-2023.pdf\u00bb][\/vc_column_inner][vc_column_inner width=\u00bb1\/6&#8243;][\/vc_column_inner][\/vc_row_inner][vc_empty_space height=\u00bb80px\u00bb][\/vc_column][\/vc_row]<\/p>\n<\/div>","protected":false},"excerpt":{"rendered":"<p>[vc_row css=\u00bb.vc_custom_1533639329884{background-color: #faf6f4 !important;}\u00bb][vc_column][vc_empty_space height=\u00bb80px\u00bb][vc_row_inner type=\u00bbboxed\u00bb][vc_column_inner width=\u00bb1\/6&#8243;][\/vc_column_inner][vc_column_inner width=\u00bb2\/3&#8243;][vc_column_text] \u00bfDesea conocer todos nuestros productos y sus detalles? \u00a1Descargue nuestro cat\u00e1logo! [\/vc_column_text][vc_empty_space height=\u00bb20px\u00bb][vc_column_text] En nuestro cat\u00e1logo encontrar\u00e1 nuestra gama de productos originales as\u00ed como los de la l\u00ednea ecol\u00f3gica, ordenadas seg\u00fan el tipo de pasta empleada junto con la relaci\u00f3n de referencias con sus caracter\u00edsticas de envasado. &hellip;<\/p>\n","protected":false},"author":2,"featured_media":0,"parent":0,"menu_order":0,"comment_status":"closed","ping_status":"closed","template":"templates\/page-full.php","meta":{"om_disable_all_campaigns":false,"_exactmetrics_skip_tracking":false,"_exactmetrics_sitenote_active":false,"_exactmetrics_sitenote_note":"","_exactmetrics_sitenote_category":0,"_monsterinsights_skip_tracking":false,"_monsterinsights_sitenote_active":false,"_monsterinsights_sitenote_note":"","_monsterinsights_sitenote_category":0,"_uf_show_specific_survey":0,"_uf_disable_surveys":false,"footnotes":""},"class_list":["post-1774","page","type-page","status-publish","hentry"],"aioseo_notices":[],"_links":{"self":[{"href":"https:\/\/www.mariebel.com\/es\/wp-json\/wp\/v2\/pages\/1774","targetHints":{"allow":["GET"]}}],"collection":[{"href":"https:\/\/www.mariebel.com\/es\/wp-json\/wp\/v2\/pages"}],"about":[{"href":"https:\/\/www.mariebel.com\/es\/wp-json\/wp\/v2\/types\/page"}],"author":[{"embeddable":true,"href":"https:\/\/www.mariebel.com\/es\/wp-json\/wp\/v2\/users\/2"}],"replies":[{"embeddable":true,"href":"https:\/\/www.mariebel.com\/es\/wp-json\/wp\/v2\/comments?post=1774"}],"version-history":[{"count":9,"href":"https:\/\/www.mariebel.com\/es\/wp-json\/wp\/v2\/pages\/1774\/revisions"}],"predecessor-version":[{"id":2451,"href":"https:\/\/www.mariebel.com\/es\/wp-json\/wp\/v2\/pages\/1774\/revisions\/2451"}],"wp:attachment":[{"href":"https:\/\/www.mariebel.com\/es\/wp-json\/wp\/v2\/media?parent=1774"}],"curies":[{"name":"wp","href":"https:\/\/api.w.org\/{rel}","templated":true}]}}