{"id":1767,"date":"2018-07-05T09:28:53","date_gmt":"2018-07-05T09:28:53","guid":{"rendered":"https:\/\/www.mariebel.com\/inicio\/"},"modified":"2023-12-11T17:15:20","modified_gmt":"2023-12-11T17:15:20","slug":"inicio","status":"publish","type":"page","link":"https:\/\/www.mariebel.com\/es\/","title":{"rendered":"Inicio"},"content":{"rendered":"<div class=\"wpb-content-wrapper\"><p>[vc_row][vc_column]<link href=\"https:\/\/fonts.googleapis.com\/css?family=Roboto:300\" rel=\"stylesheet\" property=\"stylesheet\" type=\"text\/css\" media=\"all\">\n<div id=\"rev_slider_6_1_wrapper\" class=\"rev_slider_wrapper fullwidthbanner-container\" data-source=\"gallery\" style=\"margin:0px auto;background:transparent;padding:0px;margin-top:0px;margin-bottom:0px;\">\n<!-- START REVOLUTION SLIDER 5.4.8 fullwidth mode -->\n\t<div id=\"rev_slider_6_1\" class=\"rev_slider fullwidthabanner\" style=\"display:none;\" data-version=\"5.4.8\">\n<ul>\t<!-- SLIDE  -->\n\t<li data-index=\"rs-63\" data-transition=\"fade\" data-slotamount=\"default\" data-hideafterloop=\"0\" data-hideslideonmobile=\"off\"  data-easein=\"default\" data-easeout=\"default\" data-masterspeed=\"300\"  data-link=\"https:\/\/www.mariebel.com\/expertise\/\"   data-thumb=\"https:\/\/www.mariebel.com\/wp-content\/uploads\/2018\/08\/slider-home-4-100x50.png\"  data-rotate=\"0\"  data-saveperformance=\"off\"  data-title=\"Slide\" data-param1=\"\" data-param2=\"\" data-param3=\"\" data-param4=\"\" data-param5=\"\" data-param6=\"\" data-param7=\"\" data-param8=\"\" data-param9=\"\" data-param10=\"\" data-description=\"\">\n\t\t<!-- MAIN IMAGE -->\n\t\t<img loading=\"lazy\" decoding=\"async\" src=\"https:\/\/www.mariebel.com\/wp-content\/uploads\/2018\/08\/slider-home-4.png\"  alt=\"\" title=\"slider-home-4\"  width=\"3111\" height=\"1100\" data-bgposition=\"center center\" data-bgfit=\"cover\" data-bgrepeat=\"no-repeat\" class=\"rev-slidebg\" data-no-retina>\n\t\t<!-- LAYERS -->\n\n\t\t<!-- LAYER NR. 1 -->\n\t\t<div class=\"tp-caption   tp-resizeme\" \n\t\t\t id=\"slide-63-layer-5\" \n\t\t\t data-x=\"['left','left','left','left']\" data-hoffset=\"['-7','-7','-7','1']\" \n\t\t\t data-y=\"['top','top','top','top']\" data-voffset=\"['-1','-1','-1','-2']\" \n\t\t\t\t\t\tdata-width=\"none\"\n\t\t\tdata-height=\"none\"\n\t\t\tdata-whitespace=\"normal\"\n\t\t\tdata-visibility=\"['off','off','off','on']\"\n \n\t\t\tdata-type=\"image\" \n\t\t\tdata-responsive_offset=\"on\" \n\n\t\t\tdata-frames='[{\"delay\":10,\"speed\":300,\"frame\":\"0\",\"from\":\"opacity:0;\",\"to\":\"o:1;\",\"ease\":\"Power3.easeInOut\"},{\"delay\":\"wait\",\"speed\":300,\"frame\":\"999\",\"to\":\"opacity:0;\",\"ease\":\"Power3.easeInOut\"}]'\n\t\t\tdata-textAlign=\"['inherit','inherit','inherit','inherit']\"\n\t\t\tdata-paddingtop=\"[0,0,0,0]\"\n\t\t\tdata-paddingright=\"[0,0,0,0]\"\n\t\t\tdata-paddingbottom=\"[0,0,0,0]\"\n\t\t\tdata-paddingleft=\"[0,0,0,0]\"\n\n\t\t\tstyle=\"z-index: 5;\"><img loading=\"lazy\" decoding=\"async\" src=\"https:\/\/www.mariebel.com\/wp-content\/uploads\/2018\/10\/slider-home-mobile3.jpg\" alt=\"\" data-ww=\"['550px','550px','550px','524px']\" data-hh=\"['749px','749px','749px','714px']\" width=\"550\" height=\"749\" data-no-retina> <\/div>\n\n\t\t<!-- LAYER NR. 2 -->\n\t\t<div class=\"tp-caption Fashion-BigDisplay   tp-resizeme\" \n\t\t\t id=\"slide-63-layer-1\" \n\t\t\t data-x=\"['left','left','left','center']\" data-hoffset=\"['803','571','361','0']\" \n\t\t\t data-y=\"['top','top','top','top']\" data-voffset=\"['125','118','110','463']\" \n\t\t\t\t\t\tdata-width=\"368\"\n\t\t\tdata-height=\"77\"\n\t\t\tdata-whitespace=\"normal\"\n \n\t\t\tdata-type=\"text\" \n\t\t\tdata-responsive_offset=\"on\" \n\n\t\t\tdata-frames='[{\"delay\":10,\"speed\":300,\"frame\":\"0\",\"from\":\"opacity:0;\",\"to\":\"o:1;\",\"ease\":\"Power3.easeInOut\"},{\"delay\":\"wait\",\"speed\":300,\"frame\":\"999\",\"to\":\"opacity:0;\",\"ease\":\"Power3.easeInOut\"}]'\n\t\t\tdata-textAlign=\"['right','right','right','right']\"\n\t\t\tdata-paddingtop=\"[0,0,0,0]\"\n\t\t\tdata-paddingright=\"[0,0,0,0]\"\n\t\t\tdata-paddingbottom=\"[0,0,0,0]\"\n\t\t\tdata-paddingleft=\"[0,0,0,0]\"\n\n\t\t\tstyle=\"z-index: 6; min-width: 368px; max-width: 368px; max-width: 77px; max-width: 77px; white-space: normal; line-height: 30px; font-weight: 400; color: #000000; letter-spacing: 0px;font-family:Georgia, serif;\"><h1>El saber hacer de la tradici\u00f3n<\/h1> <\/div>\n\n\t\t<!-- LAYER NR. 3 -->\n\t\t<div class=\"tp-caption   tp-resizeme\" \n\t\t\t id=\"slide-63-layer-2\" \n\t\t\t data-x=\"['left','left','left','left']\" data-hoffset=\"['750','530','311','157']\" \n\t\t\t data-y=\"['top','top','top','top']\" data-voffset=\"['312','312','299','259']\" \n\t\t\t\t\t\tdata-width=\"['416','416','416','288']\"\n\t\t\tdata-height=\"none\"\n\t\t\tdata-whitespace=\"normal\"\n\t\t\tdata-visibility=\"['on','on','on','off']\"\n \n\t\t\tdata-type=\"text\" \n\t\t\tdata-responsive_offset=\"on\" \n\n\t\t\tdata-frames='[{\"delay\":10,\"speed\":300,\"frame\":\"0\",\"from\":\"opacity:0;\",\"to\":\"o:1;\",\"ease\":\"Power3.easeInOut\"},{\"delay\":\"wait\",\"speed\":300,\"frame\":\"999\",\"to\":\"opacity:0;\",\"ease\":\"Power3.easeInOut\"}]'\n\t\t\tdata-textAlign=\"['right','right','right','right']\"\n\t\t\tdata-paddingtop=\"[0,0,0,0]\"\n\t\t\tdata-paddingright=\"[0,0,0,0]\"\n\t\t\tdata-paddingbottom=\"[0,0,0,0]\"\n\t\t\tdata-paddingleft=\"[0,0,0,0]\"\n\n\t\t\tstyle=\"z-index: 7; min-width: 416px; max-width: 416px; white-space: normal; font-size: 20px; line-height: 27px; font-weight: 300; color: #756b65; letter-spacing: 0px;font-family:Roboto;\">\u00bfSab\u00edas que Vend\u00e9e es una de las regiones de Francia con mayor n\u00famero de molinos hist\u00f3ricos? <\/div>\n\n\t\t<!-- LAYER NR. 4 -->\n\t\t<div class=\"tp-caption   tp-resizeme\" \n\t\t\t id=\"slide-63-layer-7\" \n\t\t\t data-x=\"['left','left','left','left']\" data-hoffset=\"['1067','1067','1067','1067']\" \n\t\t\t data-y=\"['top','top','top','top']\" data-voffset=\"['415','415','415','415']\" \n\t\t\t\t\t\tdata-width=\"none\"\n\t\t\tdata-height=\"none\"\n\t\t\tdata-whitespace=\"normal\"\n \n\t\t\tdata-type=\"image\" \n\t\t\tdata-responsive_offset=\"on\" \n\n\t\t\tdata-frames='[{\"delay\":0,\"speed\":300,\"frame\":\"0\",\"from\":\"opacity:0;\",\"to\":\"o:1;\",\"ease\":\"Power3.easeInOut\"},{\"delay\":\"wait\",\"speed\":300,\"frame\":\"999\",\"to\":\"opacity:0;\",\"ease\":\"Power3.easeInOut\"}]'\n\t\t\tdata-textAlign=\"['inherit','inherit','inherit','inherit']\"\n\t\t\tdata-paddingtop=\"[0,0,0,0]\"\n\t\t\tdata-paddingright=\"[0,0,0,0]\"\n\t\t\tdata-paddingbottom=\"[0,0,0,0]\"\n\t\t\tdata-paddingleft=\"[0,0,0,0]\"\n\n\t\t\tstyle=\"z-index: 9;\"><img loading=\"lazy\" decoding=\"async\" src=\"https:\/\/www.mariebel.com\/wp-content\/uploads\/2018\/11\/saber-mas-boton.png\" alt=\"\" data-ww=\"['100','100','100','100']\" data-hh=\"['26','26','26','26']\" width=\"100\" height=\"26\" data-no-retina> <\/div>\n\t<\/li>\n\t<!-- SLIDE  -->\n\t<li data-index=\"rs-65\" data-transition=\"fade\" data-slotamount=\"default\" data-hideafterloop=\"0\" data-hideslideonmobile=\"off\"  data-easein=\"default\" data-easeout=\"default\" data-masterspeed=\"300\"  data-link=\"https:\/\/www.mariebel.com\/expertise\/#expertise\"   data-thumb=\"https:\/\/www.mariebel.com\/wp-content\/uploads\/2018\/08\/slider-home-3-100x50.png\"  data-rotate=\"0\"  data-saveperformance=\"off\"  data-title=\"Slide\" data-param1=\"\" data-param2=\"\" data-param3=\"\" data-param4=\"\" data-param5=\"\" data-param6=\"\" data-param7=\"\" data-param8=\"\" data-param9=\"\" data-param10=\"\" data-description=\"\">\n\t\t<!-- MAIN IMAGE -->\n\t\t<img loading=\"lazy\" decoding=\"async\" src=\"https:\/\/www.mariebel.com\/wp-content\/uploads\/2018\/08\/slider-home-3.png\"  alt=\"\" title=\"slider-home-3\"  width=\"3113\" height=\"1098\" data-bgposition=\"center center\" data-bgfit=\"cover\" data-bgrepeat=\"no-repeat\" class=\"rev-slidebg\" data-no-retina>\n\t\t<!-- LAYERS -->\n\n\t\t<!-- LAYER NR. 5 -->\n\t\t<div class=\"tp-caption   tp-resizeme\" \n\t\t\t id=\"slide-65-layer-5\" \n\t\t\t data-x=\"['center','center','center','center']\" data-hoffset=\"['0','0','0','11']\" \n\t\t\t data-y=\"['middle','middle','middle','middle']\" data-voffset=\"['47','47','47','37']\" \n\t\t\t\t\t\tdata-width=\"none\"\n\t\t\tdata-height=\"none\"\n\t\t\tdata-whitespace=\"normal\"\n\t\t\tdata-visibility=\"['off','off','off','on']\"\n \n\t\t\tdata-type=\"image\" \n\t\t\tdata-responsive_offset=\"on\" \n\n\t\t\tdata-frames='[{\"delay\":9.9609375,\"speed\":300,\"frame\":\"0\",\"from\":\"opacity:0;\",\"to\":\"o:1;\",\"ease\":\"Power3.easeInOut\"},{\"delay\":\"wait\",\"speed\":300,\"frame\":\"999\",\"to\":\"opacity:0;\",\"ease\":\"Power3.easeInOut\"}]'\n\t\t\tdata-textAlign=\"['inherit','inherit','inherit','inherit']\"\n\t\t\tdata-paddingtop=\"[0,0,0,0]\"\n\t\t\tdata-paddingright=\"[0,0,0,0]\"\n\t\t\tdata-paddingbottom=\"[0,0,0,0]\"\n\t\t\tdata-paddingleft=\"[0,0,0,0]\"\n\n\t\t\tstyle=\"z-index: 5;\"><img loading=\"lazy\" decoding=\"async\" src=\"https:\/\/www.mariebel.com\/wp-content\/uploads\/2018\/10\/slider-home-mobile4.jpg\" alt=\"\" data-ww=\"['524px','524px','524px','529px']\" data-hh=\"['714px','714px','714px','720px']\" width=\"550\" height=\"749\" data-no-retina> <\/div>\n\n\t\t<!-- LAYER NR. 6 -->\n\t\t<div class=\"tp-caption Fashion-BigDisplay   tp-resizeme\" \n\t\t\t id=\"slide-65-layer-1\" \n\t\t\t data-x=\"['left','left','left','center']\" data-hoffset=\"['577','498','244','0']\" \n\t\t\t data-y=\"['top','top','top','top']\" data-voffset=\"['96','34','45','459']\" \n\t\t\t\t\t\tdata-width=\"['610','610','610','399']\"\n\t\t\tdata-height=\"['80','80','80','101']\"\n\t\t\tdata-whitespace=\"normal\"\n \n\t\t\tdata-type=\"text\" \n\t\t\tdata-responsive_offset=\"on\" \n\n\t\t\tdata-frames='[{\"delay\":9.9609375,\"speed\":300,\"frame\":\"0\",\"from\":\"opacity:0;\",\"to\":\"o:1;\",\"ease\":\"Power3.easeInOut\"},{\"delay\":\"wait\",\"speed\":300,\"frame\":\"999\",\"to\":\"opacity:0;\",\"ease\":\"Power3.easeInOut\"}]'\n\t\t\tdata-textAlign=\"['right','right','right','right']\"\n\t\t\tdata-paddingtop=\"[0,0,0,0]\"\n\t\t\tdata-paddingright=\"[0,0,0,0]\"\n\t\t\tdata-paddingbottom=\"[0,0,0,0]\"\n\t\t\tdata-paddingleft=\"[0,0,0,0]\"\n\n\t\t\tstyle=\"z-index: 6; min-width: 610px; max-width: 610px; max-width: 80px; max-width: 80px; white-space: normal; line-height: 30px; font-weight: 400; color: #000000; letter-spacing: 0px;font-family:Georgia, serif;\"><h1>El m\u00e9todo franc\u00e9s de hacer hojaldre<\/h1> <\/div>\n\n\t\t<!-- LAYER NR. 7 -->\n\t\t<div class=\"tp-caption   tp-resizeme\" \n\t\t\t id=\"slide-65-layer-2\" \n\t\t\t data-x=\"['left','left','left','left']\" data-hoffset=\"['770','571','313','41']\" \n\t\t\t data-y=\"['top','top','top','top']\" data-voffset=\"['301','333','310','337']\" \n\t\t\t\t\t\tdata-width=\"416\"\n\t\t\tdata-height=\"none\"\n\t\t\tdata-whitespace=\"normal\"\n\t\t\tdata-visibility=\"['on','on','on','off']\"\n \n\t\t\tdata-type=\"text\" \n\t\t\tdata-responsive_offset=\"on\" \n\n\t\t\tdata-frames='[{\"delay\":9.9609375,\"speed\":300,\"frame\":\"0\",\"from\":\"opacity:0;\",\"to\":\"o:1;\",\"ease\":\"Power3.easeInOut\"},{\"delay\":\"wait\",\"speed\":300,\"frame\":\"999\",\"to\":\"opacity:0;\",\"ease\":\"Power3.easeInOut\"}]'\n\t\t\tdata-textAlign=\"['right','right','right','right']\"\n\t\t\tdata-paddingtop=\"[0,0,0,0]\"\n\t\t\tdata-paddingright=\"[0,0,0,0]\"\n\t\t\tdata-paddingbottom=\"[0,0,0,0]\"\n\t\t\tdata-paddingleft=\"[0,0,0,0]\"\n\n\t\t\tstyle=\"z-index: 7; min-width: 416px; max-width: 416px; white-space: normal; font-size: 20px; line-height: 27px; font-weight: 300; color: #756b65; letter-spacing: 0px;font-family:Roboto;\">Tambi\u00e9n llamado m\u00e9todo cl\u00e1sico, requiere m\u00e1s trabajo pero sin duda sigue siendo el mejor. Nuestro m\u00e9todo.\n <\/div>\n\n\t\t<!-- LAYER NR. 8 -->\n\t\t<div class=\"tp-caption   tp-resizeme\" \n\t\t\t id=\"slide-65-layer-9\" \n\t\t\t data-x=\"['left','left','left','left']\" data-hoffset=\"['1085','1085','1085','1085']\" \n\t\t\t data-y=\"['top','top','top','top']\" data-voffset=\"['419','419','419','419']\" \n\t\t\t\t\t\tdata-width=\"none\"\n\t\t\tdata-height=\"none\"\n\t\t\tdata-whitespace=\"nowrap\"\n \n\t\t\tdata-type=\"image\" \n\t\t\tdata-responsive_offset=\"on\" \n\n\t\t\tdata-frames='[{\"delay\":0,\"speed\":300,\"frame\":\"0\",\"from\":\"opacity:0;\",\"to\":\"o:1;\",\"ease\":\"Power3.easeInOut\"},{\"delay\":\"wait\",\"speed\":300,\"frame\":\"999\",\"to\":\"opacity:0;\",\"ease\":\"Power3.easeInOut\"}]'\n\t\t\tdata-textAlign=\"['right','right','right','right']\"\n\t\t\tdata-paddingtop=\"[0,0,0,0]\"\n\t\t\tdata-paddingright=\"[0,0,0,0]\"\n\t\t\tdata-paddingbottom=\"[0,0,0,0]\"\n\t\t\tdata-paddingleft=\"[0,0,0,0]\"\n\n\t\t\tstyle=\"z-index: 9;\"><img loading=\"lazy\" decoding=\"async\" src=\"https:\/\/www.mariebel.com\/wp-content\/uploads\/2018\/11\/saber-mas-boton.png\" alt=\"\" data-ww=\"['100px','100px','100px','100px']\" data-hh=\"['26px','26px','26px','26px']\" width=\"100\" height=\"26\" data-no-retina> <\/div>\n\t<\/li>\n<\/ul>\n<script>var htmlDiv = document.getElementById(\"rs-plugin-settings-inline-css\"); var htmlDivCss=\"\";\r\n\t\t\t\t\t\tif(htmlDiv) {\r\n\t\t\t\t\t\t\thtmlDiv.innerHTML = htmlDiv.innerHTML + htmlDivCss;\r\n\t\t\t\t\t\t}else{\r\n\t\t\t\t\t\t\tvar htmlDiv = document.createElement(\"div\");\r\n\t\t\t\t\t\t\thtmlDiv.innerHTML = \"<style>\" + htmlDivCss + \"<\/style>\";\r\n\t\t\t\t\t\t\tdocument.getElementsByTagName(\"head\")[0].appendChild(htmlDiv.childNodes[0]);\r\n\t\t\t\t\t\t}\r\n\t\t\t\t\t<\/script>\n<div class=\"tp-bannertimer tp-bottom\" style=\"visibility: hidden !important;\"><\/div>\t<\/div>\n<script>var htmlDiv = document.getElementById(\"rs-plugin-settings-inline-css\"); var htmlDivCss=\".tp-caption.Fashion-BigDisplay,.Fashion-BigDisplay{color:rgba(0,0,0,1.00);font-size:60px;line-height:60px;font-weight:900;font-style:normal;font-family:Raleway;text-decoration:none;background-color:transparent;border-color:transparent;border-style:none;border-width:0px;border-radius:0px 0px 0px 0px;letter-spacing:2px}\";\r\n\t\t\t\tif(htmlDiv) {\r\n\t\t\t\t\thtmlDiv.innerHTML = htmlDiv.innerHTML + htmlDivCss;\r\n\t\t\t\t}else{\r\n\t\t\t\t\tvar htmlDiv = document.createElement(\"div\");\r\n\t\t\t\t\thtmlDiv.innerHTML = \"<style>\" + htmlDivCss + \"<\/style>\";\r\n\t\t\t\t\tdocument.getElementsByTagName(\"head\")[0].appendChild(htmlDiv.childNodes[0]);\r\n\t\t\t\t}\r\n\t\t\t<\/script>\n\t\t<script type=\"text\/javascript\">\r\nif (setREVStartSize!==undefined) setREVStartSize(\r\n\t{c: '#rev_slider_6_1', responsiveLevels: [1240,1024,778,480], gridwidth: [1240,1024,778,480], gridheight: [550,550,550,630], sliderLayout: 'fullwidth'});\r\n\t\t\t\r\nvar revapi6,\r\n\ttpj;\t\r\n(function() {\t\t\t\r\n\tif (!\/loaded|interactive|complete\/.test(document.readyState)) document.addEventListener(\"DOMContentLoaded\",onLoad); else onLoad();\t\r\n\tfunction onLoad() {\t\t\t\t\r\n\t\tif (tpj===undefined) { tpj = jQuery; if(\"off\" == \"on\") tpj.noConflict();}\r\n\tif(tpj(\"#rev_slider_6_1\").revolution == undefined){\n\t\trevslider_showDoubleJqueryError(\"#rev_slider_6_1\");\n\t}else{\n\t\trevapi6 = tpj(\"#rev_slider_6_1\").show().revolution({\n\t\t\tsliderType:\"standard\",\n\t\t\tjsFileLocation:\"\/\/www.mariebel.com\/wp-content\/plugins\/revslider\/public\/assets\/js\/\",\n\t\t\tsliderLayout:\"fullwidth\",\n\t\t\tdottedOverlay:\"none\",\n\t\t\tdelay:9000,\n\t\t\tnavigation: {\n\t\t\t\tkeyboardNavigation:\"off\",\n\t\t\t\tkeyboard_direction: \"horizontal\",\n\t\t\t\tmouseScrollNavigation:\"off\",\n \t\t\t\t\t\t\tmouseScrollReverse:\"default\",\n\t\t\t\tonHoverStop:\"off\",\n\t\t\t\tbullets: {\n\t\t\t\t\tenable:true,\n\t\t\t\t\thide_onmobile:false,\n\t\t\t\t\tstyle:\"hesperiden\",\n\t\t\t\t\thide_onleave:false,\n\t\t\t\t\tdirection:\"horizontal\",\n\t\t\t\t\th_align:\"center\",\n\t\t\t\t\tv_align:\"bottom\",\n\t\t\t\t\th_offset:0,\n\t\t\t\t\tv_offset:20,\n\t\t\t\t\tspace:5,\n\t\t\t\t\ttmp:''\n\t\t\t\t}\n\t\t\t},\n\t\t\tresponsiveLevels:[1240,1024,778,480],\n\t\t\tvisibilityLevels:[1240,1024,778,480],\n\t\t\tgridwidth:[1240,1024,778,480],\n\t\t\tgridheight:[550,550,550,630],\n\t\t\tlazyType:\"none\",\n\t\t\tshadow:0,\n\t\t\tspinner:\"spinner0\",\n\t\t\tstopLoop:\"off\",\n\t\t\tstopAfterLoops:-1,\n\t\t\tstopAtSlide:-1,\n\t\t\tshuffle:\"off\",\n\t\t\tautoHeight:\"off\",\n\t\t\tdisableProgressBar:\"on\",\n\t\t\thideThumbsOnMobile:\"off\",\n\t\t\thideSliderAtLimit:0,\n\t\t\thideCaptionAtLimit:0,\n\t\t\thideAllCaptionAtLilmit:0,\n\t\t\tdebugMode:false,\n\t\t\tfallbacks: {\n\t\t\t\tsimplifyAll:\"off\",\n\t\t\t\tnextSlideOnWindowFocus:\"off\",\n\t\t\t\tdisableFocusListener:false,\n\t\t\t}\n\t\t});\n\t}; \/* END OF revapi call *\/\n\t\n }; \/* END OF ON LOAD FUNCTION *\/\r\n}()); \/* END OF WRAPPING FUNCTION *\/\r\n<\/script>\r\n\t\t<script>\r\n\t\t\t\t\tvar htmlDivCss = unescape(\".hesperiden.tp-bullets%20%7B%0A%7D%0A.hesperiden.tp-bullets%3Abefore%20%7B%0A%09content%3A%22%20%22%3B%0A%09position%3Aabsolute%3B%0A%09width%3A100%25%3B%0A%09height%3A100%25%3B%0A%09background%3Atransparent%3B%0A%09padding%3A10px%3B%0A%09margin-left%3A-10px%3Bmargin-top%3A-10px%3B%0A%09box-sizing%3Acontent-box%3B%0A%20%20%20border-radius%3A8px%3B%0A%20%20%0A%7D%0A.hesperiden%20.tp-bullet%20%7B%0A%09width%3A12px%3B%0A%09height%3A12px%3B%0A%09position%3Aabsolute%3B%0A%09background%3A%20rgb%28153%2C%20153%2C%20153%29%3B%20%2F%2A%20old%20browsers%20%2A%2F%0A%20%20%20%20background%3A%20-moz-linear-gradient%28top%2C%20%20rgb%28153%2C%20153%2C%20153%29%200%25%2C%20rgb%28225%2C%20225%2C%20225%29%20100%25%29%3B%20%2F%2A%20ff3.6%2B%20%2A%2F%0A%20%20%20%20background%3A%20-webkit-linear-gradient%28top%2C%20%20rgb%28153%2C%20153%2C%20153%29%200%25%2Crgb%28225%2C%20225%2C%20225%29%20100%25%29%3B%20%2F%2A%20chrome10%2B%2Csafari5.1%2B%20%2A%2F%0A%20%20%20%20background%3A%20-o-linear-gradient%28top%2C%20%20rgb%28153%2C%20153%2C%20153%29%200%25%2Crgb%28225%2C%20225%2C%20225%29%20100%25%29%3B%20%2F%2A%20opera%2011.10%2B%20%2A%2F%0A%20%20%20%20background%3A%20-ms-linear-gradient%28top%2C%20%20rgb%28153%2C%20153%2C%20153%29%200%25%2Crgb%28225%2C%20225%2C%20225%29%20100%25%29%3B%20%2F%2A%20ie10%2B%20%2A%2F%0A%20%20%20%20background%3A%20linear-gradient%28to%20bottom%2C%20%20rgb%28153%2C%20153%2C%20153%29%200%25%2Crgb%28225%2C%20225%2C%20225%29%20100%25%29%3B%20%2F%2A%20w3c%20%2A%2F%0A%20%20%20%20filter%3A%20progid%3Adximagetransform.microsoft.gradient%28%20%0A%20%20%20%20startcolorstr%3D%22rgb%28153%2C%20153%2C%20153%29%22%2C%20endcolorstr%3D%22rgb%28225%2C%20225%2C%20225%29%22%2Cgradienttype%3D0%20%29%3B%20%2F%2A%20ie6-9%20%2A%2F%0A%09border%3A3px%20solid%20rgb%28229%2C%20229%2C%20229%29%3B%0A%09border-radius%3A50%25%3B%0A%09cursor%3A%20pointer%3B%0A%09box-sizing%3Acontent-box%3B%0A%7D%0A.hesperiden%20.tp-bullet%3Ahover%2C%0A.hesperiden%20.tp-bullet.selected%20%7B%0A%09background%3Argb%28102%2C%20102%2C%20102%29%3B%0A%7D%0A.hesperiden%20.tp-bullet-image%20%7B%0A%7D%0A.hesperiden%20.tp-bullet-title%20%7B%0A%7D%0A%0A\");\r\n\t\t\t\t\tvar htmlDiv = document.getElementById('rs-plugin-settings-inline-css');\r\n\t\t\t\t\tif(htmlDiv) {\r\n\t\t\t\t\t\thtmlDiv.innerHTML = htmlDiv.innerHTML + htmlDivCss;\r\n\t\t\t\t\t}\r\n\t\t\t\t\telse{\r\n\t\t\t\t\t\tvar htmlDiv = document.createElement('div');\r\n\t\t\t\t\t\thtmlDiv.innerHTML = '<style>' + htmlDivCss + '<\/style>';\r\n\t\t\t\t\t\tdocument.getElementsByTagName('head')[0].appendChild(htmlDiv.childNodes[0]);\r\n\t\t\t\t\t}\r\n\t\t\t\t  <\/script>\r\n\t\t\t\t<\/div><!-- END REVOLUTION SLIDER -->[\/vc_column][\/vc_row][vc_row css=\u00bb.vc_custom_1533553298765{background-color: #f6f2ec !important;}\u00bb][vc_column][vc_empty_space height=\u00bb70px\u00bb][vc_row_inner type=\u00bbboxed\u00bb][vc_column_inner][vc_column_text el_class=\u00bbtraditionelle\u00bb]<\/p>\n<h1 style=\"text-align: center;\">GAMA ORIGINAL<\/h1>\n<p>[\/vc_column_text][\/vc_column_inner][\/vc_row_inner][vc_empty_space height=\u00bb15px\u00bb][vc_column_text el_class=\u00bbdescripcio1&#8243;]<\/p>\n<div style=\"text-align: center;\"><span style=\"color: #756b65; font-family: Roboto; font-size: 20px; line-height: 27px; font-weight: 300;\">Descubra las distintas bases de Mariebel listas para rellenar<\/span><\/div>\n<p>[\/vc_column_text][vc_empty_space height=\u00bb15px\u00bb el_class=\u00bbmobileno\u00bb][vc_single_image image=\u00bb1876&#8243; img_size=\u00bbfull\u00bb alignment=\u00bbcenter\u00bb onclick=\u00bbcustom_link\u00bb link=\u00bbhttps:\/\/www.mariebel.com\/es\/productos\/\u00bb][vc_row_inner type=\u00bbboxed\u00bb][vc_column_inner][vc_images_carousel images=\u00bb1722,1672,1731,1710&#8243; img_size=\u00bbfull\u00bb onclick=\u00bbcustom_link\u00bb slides_per_view=\u00bb2&#8243; hide_pagination_control=\u00bbyes\u00bb wrap=\u00bbyes\u00bb el_class=\u00bbslidertraditionnelle\u00bb custom_links=\u00bb#E-8_aHR0cHMlM0ElMkYlMkZ3d3cubWFyaWViZWwuY29tJTJGZXMlMkZwcm9kdWl0cyUyRm1pbmktdm9sb3ZhbmVzJTJGJTJDaHR0cHMlM0ElMkYlMkZ3d3cubWFyaWViZWwuY29tJTJGZXMlMkZwcm9kdWl0cyUyRnZvbG92YW5lcy03MC03NC1tbSUyRiUyQ2h0dHBzJTNBJTJGJTJGd3d3Lm1hcmllYmVsLmNvbSUyRmVzJTJGcHJvZHVpdHMlMkZ2b2xvdmFuZXMtODMtbW0lMkYlMkNodHRwcyUzQSUyRiUyRnd3dy5tYXJpZWJlbC5jb20lMkZlcyUyRnByb2R1aXRzJTJGZmxldXJvbnMlMkY=\u00bb][\/vc_column_inner][\/vc_row_inner][\/vc_column][\/vc_row][vc_row disable_element=\u00bbyes\u00bb css=\u00bb.vc_custom_1643966559274{background-color: #cdd0b9 !important;}\u00bb][vc_column][vc_empty_space height=\u00bb70px\u00bb][vc_column_text el_class=\u00bbbio\u00bb]<\/p>\n<h1 style=\"text-align: center;\">GAMA BIO<\/h1>\n<p>[\/vc_column_text][vc_empty_space height=\u00bb15px\u00bb][vc_column_text el_class=\u00bbdescripcionbio\u00bb]<\/p>\n<div style=\"text-align: center;\"><span style=\"color: #756b65; font-family: Roboto; font-size: 20px; line-height: 27px; font-weight: 300;\">Conozca las bases de Mariebel con ingredientes 100% ecol\u00f3gicos<\/span><\/div>\n<p>[\/vc_column_text][vc_empty_space height=\u00bb15px\u00bb el_class=\u00bbmobileno\u00bb][vc_single_image image=\u00bb1870&#8243; img_size=\u00bbfull\u00bb alignment=\u00bbcenter\u00bb onclick=\u00bbcustom_link\u00bb link=\u00bbhttps:\/\/www.mariebel.com\/es\/productos\/?filter_gamma=bio-es\u00bb][vc_row_inner type=\u00bbboxed\u00bb][vc_column_inner][vc_images_carousel images=\u00bb1924,1921&#8243; img_size=\u00bbfull\u00bb onclick=\u00bbcustom_link\u00bb slides_per_view=\u00bb2&#8243; hide_pagination_control=\u00bbyes\u00bb el_class=\u00bbsliderbio\u00bb custom_links=\u00bb#E-8_aHR0cHMlM0ElMkYlMkZ3d3cubWFyaWViZWwuY29tJTJGZXMlMkZwcm9kdWl0cyUyRm1pbmktdm9sb3ZhbmVzLWJpbyUyRiUyQ2h0dHBzJTNBJTJGJTJGd3d3Lm1hcmllYmVsLmNvbSUyRmVzJTJGcHJvZHVpdHMlMkZ2b2xvdmFuZXMtYmlvJTJG\u00bb][\/vc_column_inner][\/vc_row_inner][\/vc_column][\/vc_row][vc_row type=\u00bbfull-nopad\u00bb css=\u00bb.vc_custom_1533555263496{background-color: #f6f2ec !important;}\u00bb][vc_column width=\u00bb1\/2&#8243; css=\u00bb.vc_custom_1533555426067{padding-right: 0px !important;padding-left: 0px !important;background-color: #f6f2ec !important;}\u00bb][vc_empty_space height=\u00bb80px\u00bb][vc_column_text]<\/p>\n<h1 style=\"text-align: center;\">RECETAS<\/h1>\n<p>[\/vc_column_text][vc_empty_space height=\u00bb30px\u00bb][vc_column_text]<\/p>\n<div style=\"text-align: center;\"><em><span style=\"color: #756b65; font-family: Roboto; font-size: 20px; line-height: 27px; font-weight: 300;\">\u00bfLe apetece algo dulce o salado?<br \/>\n\u00bfUn tentempi\u00e9 ligero?<br \/>\n\u00bfUn postre delicioso?<\/span><\/em><\/div>\n<p>[\/vc_column_text][vc_empty_space height=\u00bb33px\u00bb][vc_single_image image=\u00bb1882&#8243; img_size=\u00bbfull\u00bb alignment=\u00bbcenter\u00bb onclick=\u00bbcustom_link\u00bb link=\u00bbhttps:\/\/www.mariebel.com\/recettes\/es\/\u00bb][vc_empty_space height=\u00bb80px\u00bb][vc_single_image image=\u00bb2197&#8243; img_size=\u00bbfull\u00bb onclick=\u00bbcustom_link\u00bb link=\u00bbhttps:\/\/www.mariebel.com\/recettes\/es\/producto\/barquetas-bio-rellenas-de-gambitas-y-huevas-de-lumpo\/\u00bb][\/vc_column][vc_column width=\u00bb1\/2&#8243; css=\u00bb.vc_custom_1533555430581{padding-right: 0px !important;padding-left: 0px !important;}\u00bb][vc_single_image image=\u00bb2200&#8243; img_size=\u00bbfull\u00bb onclick=\u00bbcustom_link\u00bb link=\u00bbhttps:\/\/www.mariebel.com\/recettes\/es\/producto\/choux-rellenos-de-nata-y-trufa\/\u00bb][\/vc_column][\/vc_row]<\/p>\n<\/div>","protected":false},"excerpt":{"rendered":"<p>[vc_row][vc_column][\/vc_column][\/vc_row][vc_row css=\u00bb.vc_custom_1533553298765{background-color: #f6f2ec !important;}\u00bb][vc_column][vc_empty_space height=\u00bb70px\u00bb][vc_row_inner type=\u00bbboxed\u00bb][vc_column_inner][vc_column_text el_class=\u00bbtraditionelle\u00bb] GAMA ORIGINAL [\/vc_column_text][\/vc_column_inner][\/vc_row_inner][vc_empty_space height=\u00bb15px\u00bb][vc_column_text el_class=\u00bbdescripcio1&#8243;] Descubra las distintas bases de Mariebel listas para rellenar [\/vc_column_text][vc_empty_space height=\u00bb15px\u00bb el_class=\u00bbmobileno\u00bb][vc_single_image image=\u00bb1876&#8243; img_size=\u00bbfull\u00bb alignment=\u00bbcenter\u00bb onclick=\u00bbcustom_link\u00bb link=\u00bbhttps:\/\/www.mariebel.com\/es\/productos\/\u00bb][vc_row_inner type=\u00bbboxed\u00bb][vc_column_inner][vc_images_carousel images=\u00bb1722,1672,1731,1710&#8243; img_size=\u00bbfull\u00bb onclick=\u00bbcustom_link\u00bb slides_per_view=\u00bb2&#8243; hide_pagination_control=\u00bbyes\u00bb wrap=\u00bbyes\u00bb el_class=\u00bbslidertraditionnelle\u00bb custom_links=\u00bb#E-8_aHR0cHMlM0ElMkYlMkZ3d3cubWFyaWViZWwuY29tJTJGZXMlMkZwcm9kdWl0cyUyRm1pbmktdm9sb3ZhbmVzJTJGJTJDaHR0cHMlM0ElMkYlMkZ3d3cubWFyaWViZWwuY29tJTJGZXMlMkZwcm9kdWl0cyUyRnZvbG92YW5lcy03MC03NC1tbSUyRiUyQ2h0dHBzJTNBJTJGJTJGd3d3Lm1hcmllYmVsLmNvbSUyRmVzJTJGcHJvZHVpdHMlMkZ2b2xvdmFuZXMtODMtbW0lMkYlMkNodHRwcyUzQSUyRiUyRnd3dy5tYXJpZWJlbC5jb20lMkZlcyUyRnByb2R1aXRzJTJGZmxldXJvbnMlMkY=\u00bb][\/vc_column_inner][\/vc_row_inner][\/vc_column][\/vc_row][vc_row disable_element=\u00bbyes\u00bb css=\u00bb.vc_custom_1643966559274{background-color: #cdd0b9 !important;}\u00bb][vc_column][vc_empty_space height=\u00bb70px\u00bb][vc_column_text el_class=\u00bbbio\u00bb] GAMA BIO [\/vc_column_text][vc_empty_space height=\u00bb15px\u00bb][vc_column_text el_class=\u00bbdescripcionbio\u00bb] Conozca las bases de Mariebel con &hellip;<\/p>\n","protected":false},"author":2,"featured_media":0,"parent":0,"menu_order":0,"comment_status":"closed","ping_status":"closed","template":"templates\/page-full.php","meta":{"om_disable_all_campaigns":false,"_exactmetrics_skip_tracking":false,"_exactmetrics_sitenote_active":false,"_exactmetrics_sitenote_note":"","_exactmetrics_sitenote_category":0,"_monsterinsights_skip_tracking":false,"_monsterinsights_sitenote_active":false,"_monsterinsights_sitenote_note":"","_monsterinsights_sitenote_category":0,"_uf_show_specific_survey":0,"_uf_disable_surveys":false,"footnotes":""},"class_list":["post-1767","page","type-page","status-publish","hentry"],"aioseo_notices":[],"_links":{"self":[{"href":"https:\/\/www.mariebel.com\/es\/wp-json\/wp\/v2\/pages\/1767","targetHints":{"allow":["GET"]}}],"collection":[{"href":"https:\/\/www.mariebel.com\/es\/wp-json\/wp\/v2\/pages"}],"about":[{"href":"https:\/\/www.mariebel.com\/es\/wp-json\/wp\/v2\/types\/page"}],"author":[{"embeddable":true,"href":"https:\/\/www.mariebel.com\/es\/wp-json\/wp\/v2\/users\/2"}],"replies":[{"embeddable":true,"href":"https:\/\/www.mariebel.com\/es\/wp-json\/wp\/v2\/comments?post=1767"}],"version-history":[{"count":20,"href":"https:\/\/www.mariebel.com\/es\/wp-json\/wp\/v2\/pages\/1767\/revisions"}],"predecessor-version":[{"id":2454,"href":"https:\/\/www.mariebel.com\/es\/wp-json\/wp\/v2\/pages\/1767\/revisions\/2454"}],"wp:attachment":[{"href":"https:\/\/www.mariebel.com\/es\/wp-json\/wp\/v2\/media?parent=1767"}],"curies":[{"name":"wp","href":"https:\/\/api.w.org\/{rel}","templated":true}]}}