{"id":1759,"date":"2018-08-06T13:01:45","date_gmt":"2018-08-06T13:01:45","guid":{"rendered":"https:\/\/www.mariebel.com\/a-propos-de-nous\/"},"modified":"2023-12-11T12:05:58","modified_gmt":"2023-12-11T12:05:58","slug":"nosotros","status":"publish","type":"page","link":"https:\/\/www.mariebel.com\/es\/nosotros\/","title":{"rendered":"NOSOTROS"},"content":{"rendered":"<div class=\"wpb-content-wrapper\"><p>[vc_row css=\u00bb.vc_custom_1533561458218{background-color: #f6f2ec !important;}\u00bb][vc_column][vc_empty_space height=\u00bb50px\u00bb][vc_column_text el_class=\u00bbgradient-text\u00bb]<\/p>\n<h1 style=\"text-align: center;\">MARIEBEL<\/h1>\n<p>[\/vc_column_text][vc_empty_space height=\u00bb10px\u00bb][vc_column_text el_class=\u00bbgradient-text\u00bb]<\/p>\n<h2 style=\"text-align: center;\">ESPECIALIDADES LISTAS PARA RELLENAR<\/h2>\n<p>[\/vc_column_text][vc_empty_space height=\u00bb50px\u00bb][vc_row_inner type=\u00bbboxed\u00bb][vc_column_inner width=\u00bb1\/6&#8243;][\/vc_column_inner][vc_column_inner width=\u00bb2\/3&#8243;][vc_column_text]<\/p>\n<p style=\"text-align: center;\">Variadas, f\u00e1ciles de utilizar y r\u00e1pidas de preparar, nuestras bases de distintos tipos de pasta est\u00e1n listas para todo. Siempre a punto para elaborar en un momento un buen plato; sea un entrante o un postre, sea fr\u00edo o caliente. En este \u00faltimo caso precisar\u00e1 tan solo calentar un momento las bases para rellenar en el horno antes de servirlas.<\/p>\n<p>[\/vc_column_text][\/vc_column_inner][vc_column_inner width=\u00bb1\/6&#8243;][\/vc_column_inner][\/vc_row_inner][vc_empty_space height=\u00bb30px\u00bb][vc_single_image image=\u00bb2173&#8243; img_size=\u00bbfull\u00bb alignment=\u00bbcenter\u00bb el_class=\u00bbimgnous\u00bb][\/vc_column][\/vc_row][vc_row css=\u00bb.vc_custom_1533639329884{background-color: #faf6f4 !important;}\u00bb][vc_column][vc_row_inner type=\u00bbboxed\u00bb][vc_column_inner width=\u00bb1\/3&#8243;][vc_empty_space height=\u00bb80px\u00bb][vc_column_text]<\/p>\n<h2>\u00a1Un mundo crujiente y sabroso!<\/h2>\n<p>[\/vc_column_text][vc_empty_space height=\u00bb20px\u00bb][vc_column_text]Todos los productos de Mariebel se conservar\u00e1n perfectamente en un lugar seco y a temperatura ambiente durante 12 meses tras su fecha de fabricaci\u00f3n. Por eso tenerlos a mano en casa es muy pr\u00e1ctico para, en cuesti\u00f3n de minutos, poder rellenar las bases con lo que m\u00e1s nos guste e improvisar un plato \u00a1que no parecer\u00e1 nada improvisado![\/vc_column_text][\/vc_column_inner][vc_column_inner width=\u00bb2\/3&#8243;][vc_single_image image=\u00bb1724&#8243; img_size=\u00bbfull\u00bb][\/vc_column_inner][\/vc_row_inner][\/vc_column][\/vc_row][vc_row css=\u00bb.vc_custom_1538133188147{background-color: #f6f2ec !important;}\u00bb el_id=\u00bbproposdenous\u00bb][vc_column][vc_row_inner type=\u00bbboxed\u00bb][vc_column_inner width=\u00bb1\/3&#8243;][vc_empty_space height=\u00bb60px\u00bb][vc_column_text]<\/p>\n<h2>La experiencia nos hace innovadores<\/h2>\n<p>[\/vc_column_text][vc_empty_space height=\u00bb20px\u00bb][vc_column_text]Desde su origen Mariebel se especializa en la elaboraci\u00f3n de pasta de hojaldre de alta calidad en la m\u00e1s genuina tradici\u00f3n francesa, desde sus instalaciones en la regi\u00f3n atl\u00e1ntica de La Vend\u00e9e en el pa\u00eds del Loira.[\/vc_column_text][\/vc_column_inner][vc_column_inner width=\u00bb2\/3&#8243;][vc_single_image image=\u00bb1730&#8243; img_size=\u00bbfull\u00bb][\/vc_column_inner][\/vc_row_inner][\/vc_column][\/vc_row][vc_row css=\u00bb.vc_custom_1533639329884{background-color: #faf6f4 !important;}\u00bb][vc_column][vc_row_inner type=\u00bbboxed\u00bb][vc_column_inner][vc_empty_space height=\u00bb80px\u00bb][vc_column_text]<\/p>\n<h2>Mariebel, parte de Masdeu Group<\/h2>\n<p>[\/vc_column_text][vc_empty_space height=\u00bb20px\u00bb][vc_column_text]En 2016 Mariebel pas\u00f3 a formar parte del Masdeu Group, un actor en el mismo mercado de bases para rellenar. A ra\u00edz de esta confluencia, la marca Mariebel renueva su imagen y ampl\u00eda su gama de productos dirigidos al consumidor final. Mariebel es pieza fundamental en la estrategia de internacionalizaci\u00f3n de Masdeu Group, que ha de llevar la marca tanto a profundizar su penetraci\u00f3n en el consumo como a ampliar su expansi\u00f3n hacia nuevos mercados.<\/p>\n<p><img loading=\"lazy\" decoding=\"async\" class=\"alignnone wp-image-900 size-full\" src=\"https:\/\/www.mariebel.com\/wp-content\/uploads\/2018\/08\/logo-masdeu-footer-01-e1533555810292.png\" alt=\"\" width=\"175\" height=\"84\" \/>[\/vc_column_text][\/vc_column_inner][\/vc_row_inner][vc_empty_space height=\u00bb80px\u00bb][\/vc_column][\/vc_row]<\/p>\n<\/div>","protected":false},"excerpt":{"rendered":"<p>[vc_row css=\u00bb.vc_custom_1533561458218{background-color: #f6f2ec !important;}\u00bb][vc_column][vc_empty_space height=\u00bb50px\u00bb][vc_column_text el_class=\u00bbgradient-text\u00bb] MARIEBEL [\/vc_column_text][vc_empty_space height=\u00bb10px\u00bb][vc_column_text el_class=\u00bbgradient-text\u00bb] ESPECIALIDADES LISTAS PARA RELLENAR [\/vc_column_text][vc_empty_space height=\u00bb50px\u00bb][vc_row_inner type=\u00bbboxed\u00bb][vc_column_inner width=\u00bb1\/6&#8243;][\/vc_column_inner][vc_column_inner width=\u00bb2\/3&#8243;][vc_column_text] Variadas, f\u00e1ciles de utilizar y r\u00e1pidas de preparar, nuestras bases de distintos tipos de pasta est\u00e1n listas para todo. Siempre a punto para elaborar en un momento un buen plato; sea un entrante o un postre, &hellip;<\/p>\n","protected":false},"author":2,"featured_media":0,"parent":0,"menu_order":0,"comment_status":"closed","ping_status":"closed","template":"templates\/page-full.php","meta":{"om_disable_all_campaigns":false,"_exactmetrics_skip_tracking":false,"_exactmetrics_sitenote_active":false,"_exactmetrics_sitenote_note":"","_exactmetrics_sitenote_category":0,"_monsterinsights_skip_tracking":false,"_monsterinsights_sitenote_active":false,"_monsterinsights_sitenote_note":"","_monsterinsights_sitenote_category":0,"_uf_show_specific_survey":0,"_uf_disable_surveys":false,"footnotes":""},"class_list":["post-1759","page","type-page","status-publish","hentry"],"aioseo_notices":[],"_links":{"self":[{"href":"https:\/\/www.mariebel.com\/es\/wp-json\/wp\/v2\/pages\/1759","targetHints":{"allow":["GET"]}}],"collection":[{"href":"https:\/\/www.mariebel.com\/es\/wp-json\/wp\/v2\/pages"}],"about":[{"href":"https:\/\/www.mariebel.com\/es\/wp-json\/wp\/v2\/types\/page"}],"author":[{"embeddable":true,"href":"https:\/\/www.mariebel.com\/es\/wp-json\/wp\/v2\/users\/2"}],"replies":[{"embeddable":true,"href":"https:\/\/www.mariebel.com\/es\/wp-json\/wp\/v2\/comments?post=1759"}],"version-history":[{"count":9,"href":"https:\/\/www.mariebel.com\/es\/wp-json\/wp\/v2\/pages\/1759\/revisions"}],"predecessor-version":[{"id":2429,"href":"https:\/\/www.mariebel.com\/es\/wp-json\/wp\/v2\/pages\/1759\/revisions\/2429"}],"wp:attachment":[{"href":"https:\/\/www.mariebel.com\/es\/wp-json\/wp\/v2\/media?parent=1759"}],"curies":[{"name":"wp","href":"https:\/\/api.w.org\/{rel}","templated":true}]}}